{"id":1656,"date":"2023-04-21T09:42:46","date_gmt":"2023-04-21T07:42:46","guid":{"rendered":"http:\/\/ars-musica.musicanet.org\/?p=1656"},"modified":"2025-10-29T16:08:26","modified_gmt":"2025-10-29T15:08:26","slug":"quelques-images-de-notre-dernier-concert-a-nancy-le-12-avril-2023","status":"publish","type":"page","link":"https:\/\/ars-musica.ovh\/index.php\/quelques-images-de-notre-dernier-concert-a-nancy-le-12-avril-2023\/","title":{"rendered":"Saisons pass\u00e9es"},"content":{"rendered":"\n<p class=\"has-medium-font-size\"><em>D\u00e9tails des saisons dans les sous-menus<\/em><\/p>\n\n\n\n<hr class=\"wp-block-separator has-alpha-channel-opacity is-style-wide\"\/>\n\n\n\n<p class=\"has-medium-font-size\">R\u00e9sum\u00e9 saison 2024 \/ 2025 ; Direction musicale Guillaume Paire.<\/p>\n\n\n\n<p class=\"has-medium-font-size\"><strong>\u00c9tats d\u2019\u00e2me\u2026<\/strong><\/p>\n\n\n\n<p class=\"has-medium-font-size\">Nuit d\u2019\u00e9toiles &#8211; Claude Debussy sur un po\u00e8me de Th\u00e9odore de Banville<\/p>\n\n\n\n<p class=\"has-medium-font-size\">Les Djinns &#8211; Gabriel Faur\u00e9 sur un po\u00e8me de Victor Hugo<\/p>\n\n\n\n<p class=\"has-medium-font-size\">Les Chants d\u2019Argonne &#8211; po\u00e8me et musique de Pascal Descamps<\/p>\n\n\n\n<p class=\"has-medium-font-size\">Ariettes oubli\u00e9es &#8211; Julien Joubert sur un texte de Paul Verlaine<\/p>\n\n\n\n<hr class=\"wp-block-separator has-alpha-channel-opacity is-style-wide\"\/>\n\n\n\n<p class=\"has-medium-font-size\">R\u00e9sum\u00e9 saison 2023 \/ 2024 ; Direction musicale Guillaume Fauch\u00e8re.<\/p>\n\n\n\n<p class=\"has-medium-font-size\">\u00ab&nbsp;Sing along&nbsp;\u00bb autour de <strong>La Cr\u00e9ation <\/strong>(Die Sch\u00f6pfung), oratorio de J.Haydn. (Nancy, janvier 2024)<\/p>\n\n\n\n<p class=\"has-medium-font-size\"><strong>\u00ab<\/strong> <strong>R\u00e9sonances sacr\u00e9es<\/strong>&nbsp;\u00bb Franz Liszt et Francis Poulenc (Bayon, Bar-le-Duc et Nancy, juin 2024)<\/p>\n\n\n\n<ul class=\"wp-block-list\">\n<li>Via Crucis ; Liszt<\/li>\n\n\n\n<li>Petites pri\u00e8res \u00e0 Saint Fran\u00e7ois d\u2019Assises, Motets, Ave Verum, Salve Regina ; Poulenc<\/li>\n<\/ul>\n\n\n\n<hr class=\"wp-block-separator has-alpha-channel-opacity is-style-wide\"\/>\n\n\n\n<p class=\"has-medium-font-size\">Saison 2022 \/ 2023 ; direction musicale Damien Gu\u00e9don.<\/p>\n\n\n\n<p class=\"has-medium-font-size\">Concert <strong>Ch\u0153ur et Orgues<\/strong> autour de la messe de Vierne, \u00e0 Nancy le 12 avril 2023, avec le ch\u0153ur de l\u2019institut de musicologie de Nancy.<\/p>\n\n\n\n<p>Ce concert a \u00e9galement \u00e9t\u00e9 donn\u00e9 \u00e0 St Di\u00e9, Langres et Paris dans les \u00e9glises Saint Bernard de la Chapelle et Saint Sulpice en mai 2023.<\/p>\n\n\n\n<figure class=\"wp-block-gallery has-nested-images columns-default is-cropped wp-block-gallery-1 is-layout-flex wp-block-gallery-is-layout-flex\">\n<figure class=\"wp-block-image size-large\"><a href=\"https:\/\/ars-musica.ovh\/wp-content\/uploads\/2024\/08\/5R71700.jpg\"><img loading=\"lazy\" decoding=\"async\" width=\"1024\" height=\"503\" data-id=\"2085\" src=\"https:\/\/ars-musica.ovh\/wp-content\/uploads\/2024\/08\/5R71700-1024x503.jpg\" alt=\"\" class=\"wp-image-2085\" srcset=\"https:\/\/ars-musica.ovh\/wp-content\/uploads\/2024\/08\/5R71700-1024x503.jpg 1024w, https:\/\/ars-musica.ovh\/wp-content\/uploads\/2024\/08\/5R71700-300x147.jpg 300w, https:\/\/ars-musica.ovh\/wp-content\/uploads\/2024\/08\/5R71700-768x377.jpg 768w, https:\/\/ars-musica.ovh\/wp-content\/uploads\/2024\/08\/5R71700-1536x755.jpg 1536w, https:\/\/ars-musica.ovh\/wp-content\/uploads\/2024\/08\/5R71700.jpg 1872w\" sizes=\"auto, (max-width: 1024px) 100vw, 1024px\" \/><\/a><\/figure>\n<\/figure>\n\n\n\n<h2 class=\"wp-block-heading\"><\/h2>\n\n\n\n<p><\/p>\n","protected":false},"excerpt":{"rendered":"<p>D\u00e9tails des saisons dans les sous-menus R\u00e9sum\u00e9 saison 2024 \/ 2025 ; Direction musicale Guillaume Paire. \u00c9tats d\u2019\u00e2me\u2026 Nuit d\u2019\u00e9toiles &#8211; Claude Debussy sur un po\u00e8me de Th\u00e9odore de Banville Les Djinns &#8211; Gabriel Faur\u00e9 sur un po\u00e8me de Victor &hellip; <a href=\"https:\/\/ars-musica.ovh\/index.php\/quelques-images-de-notre-dernier-concert-a-nancy-le-12-avril-2023\/\">Continuer la lecture <span class=\"meta-nav\">&rarr;<\/span><\/a><\/p>\n","protected":false},"author":1,"featured_media":1657,"parent":0,"menu_order":0,"comment_status":"closed","ping_status":"closed","template":"","meta":{"footnotes":""},"class_list":["post-1656","page","type-page","status-publish","has-post-thumbnail","hentry"],"_links":{"self":[{"href":"https:\/\/ars-musica.ovh\/index.php\/wp-json\/wp\/v2\/pages\/1656","targetHints":{"allow":["GET"]}}],"collection":[{"href":"https:\/\/ars-musica.ovh\/index.php\/wp-json\/wp\/v2\/pages"}],"about":[{"href":"https:\/\/ars-musica.ovh\/index.php\/wp-json\/wp\/v2\/types\/page"}],"author":[{"embeddable":true,"href":"https:\/\/ars-musica.ovh\/index.php\/wp-json\/wp\/v2\/users\/1"}],"replies":[{"embeddable":true,"href":"https:\/\/ars-musica.ovh\/index.php\/wp-json\/wp\/v2\/comments?post=1656"}],"version-history":[{"count":12,"href":"https:\/\/ars-musica.ovh\/index.php\/wp-json\/wp\/v2\/pages\/1656\/revisions"}],"predecessor-version":[{"id":2291,"href":"https:\/\/ars-musica.ovh\/index.php\/wp-json\/wp\/v2\/pages\/1656\/revisions\/2291"}],"wp:featuredmedia":[{"embeddable":true,"href":"https:\/\/ars-musica.ovh\/index.php\/wp-json\/"}],"wp:attachment":[{"href":"https:\/\/ars-musica.ovh\/index.php\/wp-json\/wp\/v2\/media?parent=1656"}],"curies":[{"name":"wp","href":"https:\/\/api.w.org\/{rel}","templated":true}]}}