{"id":2030,"date":"2024-07-22T14:40:59","date_gmt":"2024-07-22T12:40:59","guid":{"rendered":"https:\/\/ars-musica.ovh\/?page_id=2030"},"modified":"2024-07-22T14:40:59","modified_gmt":"2024-07-22T12:40:59","slug":"mentions-legales","status":"publish","type":"page","link":"https:\/\/ars-musica.ovh\/index.php\/mentions-legales\/","title":{"rendered":"Mentions l\u00e9gales"},"content":{"rendered":"\n<p>Ensemble Vocal Ars Musica &#8211; 182 Avenue du G\u00e9n\u00e9ral Leclerc &#8211; B\u00e2t B &#8211; Ent C &#8211; 54000 Nancy \/ Webmestre : Vincent Barrois \/ H\u00e9berg\u00e9 par : OVH &#8211; 2 rue Kellermann &#8211; 59100 Roubaix &#8211; France<\/p>\n","protected":false},"excerpt":{"rendered":"<p>Ensemble Vocal Ars Musica &#8211; 182 Avenue du G\u00e9n\u00e9ral Leclerc &#8211; B\u00e2t B &#8211; Ent C &#8211; 54000 Nancy \/ Webmestre : Vincent Barrois \/ H\u00e9berg\u00e9 par : OVH &#8211; 2 rue Kellermann &#8211; 59100 Roubaix &#8211; France<\/p>\n","protected":false},"author":1,"featured_media":0,"parent":0,"menu_order":0,"comment_status":"closed","ping_status":"closed","template":"","meta":{"footnotes":""},"class_list":["post-2030","page","type-page","status-publish","hentry"],"_links":{"self":[{"href":"https:\/\/ars-musica.ovh\/index.php\/wp-json\/wp\/v2\/pages\/2030","targetHints":{"allow":["GET"]}}],"collection":[{"href":"https:\/\/ars-musica.ovh\/index.php\/wp-json\/wp\/v2\/pages"}],"about":[{"href":"https:\/\/ars-musica.ovh\/index.php\/wp-json\/wp\/v2\/types\/page"}],"author":[{"embeddable":true,"href":"https:\/\/ars-musica.ovh\/index.php\/wp-json\/wp\/v2\/users\/1"}],"replies":[{"embeddable":true,"href":"https:\/\/ars-musica.ovh\/index.php\/wp-json\/wp\/v2\/comments?post=2030"}],"version-history":[{"count":2,"href":"https:\/\/ars-musica.ovh\/index.php\/wp-json\/wp\/v2\/pages\/2030\/revisions"}],"predecessor-version":[{"id":2032,"href":"https:\/\/ars-musica.ovh\/index.php\/wp-json\/wp\/v2\/pages\/2030\/revisions\/2032"}],"wp:attachment":[{"href":"https:\/\/ars-musica.ovh\/index.php\/wp-json\/wp\/v2\/media?parent=2030"}],"curies":[{"name":"wp","href":"https:\/\/api.w.org\/{rel}","templated":true}]}}