{"id":2273,"date":"2025-10-29T14:35:47","date_gmt":"2025-10-29T13:35:47","guid":{"rendered":"https:\/\/ars-musica.ovh\/?page_id=2273"},"modified":"2025-10-29T16:37:57","modified_gmt":"2025-10-29T15:37:57","slug":"saison-2025-2026","status":"publish","type":"page","link":"https:\/\/ars-musica.ovh\/index.php\/saison-2025-2026\/","title":{"rendered":"Saison en cours"},"content":{"rendered":"\n<p>Direction artistique : Guillaume Paire<\/p>\n\n\n\n<p>Josef Gabriel Rheinberger       Messe en Mi b\u00e9mol majeur Op. 109<\/p>\n\n\n\n<p>La premi\u00e8re \u0153uvre mise au programme de cette saison 2025 \/ 2026 est une messe \u00e0 8 voix de Josef Rheinberger, un compositeur et p\u00e9dagogue allemand un peu oubli\u00e9, mais fort c\u00e9l\u00e8bre en son temps puisqu\u2019il \u00e9tait ma\u00eetre de chapelle \u00e0 la cour du roi Louis II de Bavi\u00e8re (le m\u00e9c\u00e8ne de Richard Wagner et le commanditaire du fameux ch\u00e2teau de Neuschwanstein). Couvert d\u2019honneurs \u00e0 l\u2019\u00e9poque, Rheinberger a jou\u00e9 un r\u00f4le essentiel dans la musique d\u2019\u00e9glise catholique en Allemagne et sa Messe en Mi b\u00e9mol majeur (dat\u00e9e de 1878) \u00e9crite pour double ch\u0153ur t\u00e9moigne de cet agr\u00e9able style \u00ab classico-romantique \u00bb qui caract\u00e9rise la deuxi\u00e8me moiti\u00e9 du XIX\u00e8me si\u00e8cle.<\/p>\n\n\n\n<p><\/p>\n","protected":false},"excerpt":{"rendered":"<p>Direction artistique : Guillaume Paire Josef Gabriel Rheinberger Messe en Mi b\u00e9mol majeur Op. 109 La premi\u00e8re \u0153uvre mise au programme de cette saison 2025 \/ 2026 est une messe \u00e0 8 voix de Josef Rheinberger, un compositeur et p\u00e9dagogue &hellip; <a href=\"https:\/\/ars-musica.ovh\/index.php\/saison-2025-2026\/\">Continuer la lecture <span class=\"meta-nav\">&rarr;<\/span><\/a><\/p>\n","protected":false},"author":1,"featured_media":0,"parent":0,"menu_order":0,"comment_status":"closed","ping_status":"closed","template":"","meta":{"footnotes":""},"class_list":["post-2273","page","type-page","status-publish","hentry"],"_links":{"self":[{"href":"https:\/\/ars-musica.ovh\/index.php\/wp-json\/wp\/v2\/pages\/2273","targetHints":{"allow":["GET"]}}],"collection":[{"href":"https:\/\/ars-musica.ovh\/index.php\/wp-json\/wp\/v2\/pages"}],"about":[{"href":"https:\/\/ars-musica.ovh\/index.php\/wp-json\/wp\/v2\/types\/page"}],"author":[{"embeddable":true,"href":"https:\/\/ars-musica.ovh\/index.php\/wp-json\/wp\/v2\/users\/1"}],"replies":[{"embeddable":true,"href":"https:\/\/ars-musica.ovh\/index.php\/wp-json\/wp\/v2\/comments?post=2273"}],"version-history":[{"count":4,"href":"https:\/\/ars-musica.ovh\/index.php\/wp-json\/wp\/v2\/pages\/2273\/revisions"}],"predecessor-version":[{"id":2296,"href":"https:\/\/ars-musica.ovh\/index.php\/wp-json\/wp\/v2\/pages\/2273\/revisions\/2296"}],"wp:attachment":[{"href":"https:\/\/ars-musica.ovh\/index.php\/wp-json\/wp\/v2\/media?parent=2273"}],"curies":[{"name":"wp","href":"https:\/\/api.w.org\/{rel}","templated":true}]}}