{"id":2281,"date":"2025-10-29T14:56:14","date_gmt":"2025-10-29T13:56:14","guid":{"rendered":"https:\/\/ars-musica.ovh\/?page_id=2281"},"modified":"2025-10-29T14:56:14","modified_gmt":"2025-10-29T13:56:14","slug":"saison-2022-2023","status":"publish","type":"page","link":"https:\/\/ars-musica.ovh\/index.php\/saison-2022-2023\/","title":{"rendered":"Saison 2022 \/ 2023"},"content":{"rendered":"\n<p class=\"has-medium-font-size\">Direction musicale : Damien Gu\u00e9don.<\/p>\n\n\n\n<p class=\"has-medium-font-size\">Concert Ch\u0153ur et Orgues autour de la messe de Vierne, \u00e0 Nancy le 12 avril 2023, avec le ch\u0153ur de l\u2019institut de musicologie de Nancy.<\/p>\n\n\n\n<p>Ce concert a \u00e9galement \u00e9t\u00e9 donn\u00e9 \u00e0 St Di\u00e9, Langres et Paris dans les \u00e9glises Saint Bernard de la Chapelle et Saint Sulpice en mai 2023.<\/p>\n\n\n\n<figure class=\"wp-block-image\"><a href=\"https:\/\/ars-musica.ovh\/wp-content\/uploads\/2024\/08\/5R71700.jpg\"><img decoding=\"async\" src=\"https:\/\/ars-musica.ovh\/wp-content\/uploads\/2024\/08\/5R71700-1024x503.jpg\" alt=\"L\u2019attribut alt de cette image est vide, son nom de fichier est 5R71700-1024x503.jpg.\"\/><\/a><\/figure>\n\n\n\n<p><\/p>\n","protected":false},"excerpt":{"rendered":"<p>Direction musicale : Damien Gu\u00e9don. Concert Ch\u0153ur et Orgues autour de la messe de Vierne, \u00e0 Nancy le 12 avril 2023, avec le ch\u0153ur de l\u2019institut de musicologie de Nancy. Ce concert a \u00e9galement \u00e9t\u00e9 donn\u00e9 \u00e0 St Di\u00e9, Langres &hellip; <a href=\"https:\/\/ars-musica.ovh\/index.php\/saison-2022-2023\/\">Continuer la lecture <span class=\"meta-nav\">&rarr;<\/span><\/a><\/p>\n","protected":false},"author":1,"featured_media":0,"parent":0,"menu_order":0,"comment_status":"closed","ping_status":"closed","template":"","meta":{"footnotes":""},"class_list":["post-2281","page","type-page","status-publish","hentry"],"_links":{"self":[{"href":"https:\/\/ars-musica.ovh\/index.php\/wp-json\/wp\/v2\/pages\/2281","targetHints":{"allow":["GET"]}}],"collection":[{"href":"https:\/\/ars-musica.ovh\/index.php\/wp-json\/wp\/v2\/pages"}],"about":[{"href":"https:\/\/ars-musica.ovh\/index.php\/wp-json\/wp\/v2\/types\/page"}],"author":[{"embeddable":true,"href":"https:\/\/ars-musica.ovh\/index.php\/wp-json\/wp\/v2\/users\/1"}],"replies":[{"embeddable":true,"href":"https:\/\/ars-musica.ovh\/index.php\/wp-json\/wp\/v2\/comments?post=2281"}],"version-history":[{"count":1,"href":"https:\/\/ars-musica.ovh\/index.php\/wp-json\/wp\/v2\/pages\/2281\/revisions"}],"predecessor-version":[{"id":2282,"href":"https:\/\/ars-musica.ovh\/index.php\/wp-json\/wp\/v2\/pages\/2281\/revisions\/2282"}],"wp:attachment":[{"href":"https:\/\/ars-musica.ovh\/index.php\/wp-json\/wp\/v2\/media?parent=2281"}],"curies":[{"name":"wp","href":"https:\/\/api.w.org\/{rel}","templated":true}]}}