{"id":27,"date":"2014-12-21T00:16:06","date_gmt":"2014-12-21T00:16:06","guid":{"rendered":"http:\/\/ars-musica.musicanet.org\/blog\/?page_id=27"},"modified":"2024-08-30T15:38:39","modified_gmt":"2024-08-30T13:38:39","slug":"informations-pratiques","status":"publish","type":"page","link":"https:\/\/ars-musica.ovh\/index.php\/informations-pratiques\/","title":{"rendered":"Informations Pratiques"},"content":{"rendered":"\n<p><\/p>\n\n\n<div>\n<h2><b>Recrutement : <\/b><\/h2>\n<p>L&rsquo;Ensemble Vocal Ars Musica est form\u00e9 d&rsquo;une trentaine de choristes confirm\u00e9s et motiv\u00e9s, recrut\u00e9s sur audition. <br \/>La recherche musicologique est le travail essentiel de cet ensemble, ouvert \u00e0 toutes les formes musicales, qui tente de mieux faire conna\u00eetre des \u0153uvres ignor\u00e9es ou peu chant\u00e9es.<\/p>\n<p>Le ch\u0153ur r\u00e9p\u00e8te <strong>tous les mercredis de 20h30 \u00e0 22h30<\/strong>, et deux \u00e0 trois week-ends par an, <strong>Espace Marie Bour, 36 rue Mac Mahon, Nancy<\/strong>.<\/p>\n<p>Si vous \u00eates int\u00e9ress\u00e9 pour chanter avec nous, ou pour tout renseignement compl\u00e9mentaire, <strong>contactez-nous en utilisant le <a href=\"https:\/\/ars-musica.ovh\/index.php\/contactez-nous\/\" target=\"_blank\" rel=\"noopener\">formulaire de contact<\/a><\/strong>.<strong><br \/><\/strong><\/p>\n<h2><b>Vous souhaitez organiser un concert ?<\/b><\/h2>\n<p>Notre r\u00e9pertoire vous int\u00e9resse ? Vous aimeriez organiser un concert ?<br \/>N\u2019h\u00e9sitez pas \u00e0 prendre contact avec nous en utilisant le formulaire de la page <a href=\"https:\/\/ars-musica.ovh\/index.php\/contactez-nous\/\" target=\"_blank\" rel=\"noopener\"><strong>Contact<\/strong><\/a><\/p>\n<p><strong>Chef de ch\u0153ur : Guillaume PAIRE<br \/>Pr\u00e9sidente\u00a0:\u00a0Gregoria PALOMAR<\/strong><\/p>\n<\/div>","protected":false},"excerpt":{"rendered":"<p>Recrutement : L&rsquo;Ensemble Vocal Ars Musica est form\u00e9 d&rsquo;une trentaine de choristes confirm\u00e9s et motiv\u00e9s, recrut\u00e9s sur audition. La recherche musicologique est le travail essentiel de cet ensemble, ouvert \u00e0 toutes les formes musicales, qui tente de mieux faire conna\u00eetre &hellip; <a href=\"https:\/\/ars-musica.ovh\/index.php\/informations-pratiques\/\">Continuer la lecture <span class=\"meta-nav\">&rarr;<\/span><\/a><\/p>\n","protected":false},"author":1,"featured_media":0,"parent":0,"menu_order":5,"comment_status":"closed","ping_status":"closed","template":"onecolumn-page.php","meta":{"footnotes":""},"class_list":["post-27","page","type-page","status-publish","hentry"],"_links":{"self":[{"href":"https:\/\/ars-musica.ovh\/index.php\/wp-json\/wp\/v2\/pages\/27","targetHints":{"allow":["GET"]}}],"collection":[{"href":"https:\/\/ars-musica.ovh\/index.php\/wp-json\/wp\/v2\/pages"}],"about":[{"href":"https:\/\/ars-musica.ovh\/index.php\/wp-json\/wp\/v2\/types\/page"}],"author":[{"embeddable":true,"href":"https:\/\/ars-musica.ovh\/index.php\/wp-json\/wp\/v2\/users\/1"}],"replies":[{"embeddable":true,"href":"https:\/\/ars-musica.ovh\/index.php\/wp-json\/wp\/v2\/comments?post=27"}],"version-history":[{"count":3,"href":"https:\/\/ars-musica.ovh\/index.php\/wp-json\/wp\/v2\/pages\/27\/revisions"}],"predecessor-version":[{"id":2080,"href":"https:\/\/ars-musica.ovh\/index.php\/wp-json\/wp\/v2\/pages\/27\/revisions\/2080"}],"wp:attachment":[{"href":"https:\/\/ars-musica.ovh\/index.php\/wp-json\/wp\/v2\/media?parent=27"}],"curies":[{"name":"wp","href":"https:\/\/api.w.org\/{rel}","templated":true}]}}